{"id":22,"date":"2024-10-25T21:44:26","date_gmt":"2024-10-25T21:44:26","guid":{"rendered":"https:\/\/enjooymadrid.com\/?page_id=22"},"modified":"2025-11-18T13:34:33","modified_gmt":"2025-11-18T13:34:33","slug":"home","status":"publish","type":"page","link":"https:\/\/enjooymadrid.com\/es\/","title":{"rendered":"Inicio"},"content":{"rendered":"<p>[et_pb_section fb_built=&#8221;1&#8243; custom_padding_last_edited=&#8221;on|phone&#8221; next_background_color=&#8221;#ffffff&#8221; _builder_version=&#8221;4.27.2&#8243; _module_preset=&#8221;default&#8221; background_color=&#8221;#565656&#8243; background_image=&#8221;https:\/\/enjooymadrid.com\/wp-content\/uploads\/2024\/10\/santiago-bernabeu-2.webp&#8221; background_blend=&#8221;multiply&#8221; custom_padding=&#8221;12vh||10vh||false|false&#8221; custom_padding_tablet=&#8221;12vh||10vh||false|false&#8221; custom_padding_phone=&#8221;10vh||5vh||false|false&#8221; bottom_divider_style=&#8221;curve&#8221; bottom_divider_height_tablet=&#8221;&#8221; bottom_divider_height_phone=&#8221;30px&#8221; bottom_divider_height_last_edited=&#8221;on|phone&#8221; global_colors_info=&#8221;{}&#8221;][et_pb_row _builder_version=&#8221;4.27.2&#8243; _module_preset=&#8221;default&#8221; global_colors_info=&#8221;{}&#8221;][et_pb_column type=&#8221;4_4&#8243; _builder_version=&#8221;4.27.2&#8243; _module_preset=&#8221;default&#8221; global_colors_info=&#8221;{}&#8221;][et_pb_image src=&#8221;https:\/\/enjooymadrid.com\/wp-content\/uploads\/2024\/10\/enjooy-madrid.webp&#8221; title_text=&#8221;enjooy-madrid&#8221; align=&#8221;center&#8221; _builder_version=&#8221;4.27.2&#8243; _module_preset=&#8221;default&#8221; max_width=&#8221;500px&#8221; max_width_tablet=&#8221;60%&#8221; max_width_phone=&#8221;70%&#8221; max_width_last_edited=&#8221;on|tablet&#8221; global_colors_info=&#8221;{}&#8221;][\/et_pb_image][et_pb_text _builder_version=&#8221;4.27.4&#8243; _module_preset=&#8221;default&#8221; text_text_color=&#8221;#FFFFFF&#8221; text_line_height=&#8221;1.2em&#8221; text_orientation=&#8221;center&#8221; background_layout=&#8221;dark&#8221; max_width=&#8221;800px&#8221; module_alignment=&#8221;center&#8221; global_colors_info=&#8221;{}&#8221;]<\/p>\n<h1>Vive la experiencia \u00fanica del Real Madrid en el Santiago Bernab\u00e9u<\/h1>\n<p class=\" translation-block\">En ENJOOY Madrid te acercamos a la historia, la pasi\u00f3n y la grandeza del Real Madrid CF. <br>Ofrecemos entradas oficiales al Santiago Bernab\u00e9u y paquetes personalizados que incluyen vuelos, alojamiento y acceso exclusivo a eventos, para que disfrutes de la emoci\u00f3n del f\u00fatbol en su m\u00e1xima expresi\u00f3n. <br>Descubre la leyenda del Santiago Bernab\u00e9u y crea recuerdos para toda la vida.<\/p>\n<p>[\/et_pb_text][\/et_pb_column][\/et_pb_row][\/et_pb_section][et_pb_section fb_built=&#8221;1&#8243; custom_padding_last_edited=&#8221;on|phone&#8221; _builder_version=&#8221;4.27.2&#8243; _module_preset=&#8221;default&#8221; custom_padding=&#8221;80px||80px||true|false&#8221; custom_padding_tablet=&#8221;80px||80px||true|false&#8221; custom_padding_phone=&#8221;50px||50px||true|false&#8221; global_colors_info=&#8221;{}&#8221;][et_pb_row _builder_version=&#8221;4.27.2&#8243; _module_preset=&#8221;default&#8221; custom_padding=&#8221;0px||0px||true|false&#8221; global_colors_info=&#8221;{}&#8221;][et_pb_column type=&#8221;4_4&#8243; _builder_version=&#8221;4.27.2&#8243; _module_preset=&#8221;default&#8221; global_colors_info=&#8221;{}&#8221;][et_pb_code _builder_version=&#8221;4.27.2&#8243; _module_preset=&#8221;default&#8221; global_colors_info=&#8221;{}&#8221;]<div class=\"match-listing\"><div class=\"match-item\"><div class=\"league-image\"><img decoding=\"async\" src=\"https:\/\/enjooymadrid.com\/wp-content\/uploads\/2024\/10\/la-liga.webp\" alt=\"Real Madrid VS Oviedo\"><\/div><div class=\"match-date\"><img decoding=\"async\" src=\"\/wp-content\/uploads\/2024\/10\/calendar-black.webp\" alt=\"calendar icon\"><span>mi\u00e9rcoles, 13\/May\/2026<\/span><\/div>        <div class=\"match-info\">\r\n            <div class=\"match-info-item team\">\r\n                <img decoding=\"async\" src=\"\/wp-content\/uploads\/2024\/10\/real-madrid.webp\" alt=\"Real Madrid Logo\">\r\n                <h4>Real Madrid<\/h4>\r\n            <\/div>\r\n            <div class=\"match-info-item separator\"> \u2013 <\/div>\r\n            <div class=\"match-info-item team\">\r\n                                    <img decoding=\"async\" src=\"https:\/\/enjooymadrid.com\/wp-content\/uploads\/2025\/11\/real-oviedo.webp\" alt=\"Oviedo\">\r\n                                <h4>Oviedo<\/h4>\r\n            <\/div>\r\n        <\/div>\r\n        <div class=\"match-price-box\"><h4 class=\"match-price\">Desde: <span class=\"woocommerce-Price-amount amount\"><bdi>264,00&nbsp;<span class=\"woocommerce-Price-currencySymbol\">&euro;<\/span><\/bdi><\/span><\/h4><a href=\"https:\/\/enjooymadrid.com\/es\/producto\/real-madrid-vs-oviedo\/\" class=\"et_pb_button\">Buy Now<\/a><\/div><\/div><div class=\"match-item\"><div class=\"league-image\"><img decoding=\"async\" src=\"https:\/\/enjooymadrid.com\/wp-content\/uploads\/2024\/10\/la-liga.webp\" alt=\"Real Madrid VS Athletic Club\"><\/div><div class=\"match-date\"><img decoding=\"async\" src=\"\/wp-content\/uploads\/2024\/10\/calendar-black.webp\" alt=\"calendar icon\"><span>domingo, 24\/May\/2026<\/span><\/div>        <div class=\"match-info\">\r\n            <div class=\"match-info-item team\">\r\n                <img decoding=\"async\" src=\"\/wp-content\/uploads\/2024\/10\/real-madrid.webp\" alt=\"Real Madrid Logo\">\r\n                <h4>Real Madrid<\/h4>\r\n            <\/div>\r\n            <div class=\"match-info-item separator\"> \u2013 <\/div>\r\n            <div class=\"match-info-item team\">\r\n                                    <img decoding=\"async\" src=\"https:\/\/enjooymadrid.com\/wp-content\/uploads\/2024\/10\/Athletic-Bilbao.webp\" alt=\"Athletic Club\">\r\n                                <h4>Athletic Club<\/h4>\r\n            <\/div>\r\n        <\/div>\r\n        <div class=\"match-price-box\"><h4 class=\"match-price\">Desde: <span class=\"woocommerce-Price-amount amount\"><bdi>264,00&nbsp;<span class=\"woocommerce-Price-currencySymbol\">&euro;<\/span><\/bdi><\/span><\/h4><a href=\"https:\/\/enjooymadrid.com\/es\/producto\/real-madrid-vs-athletic-club\/\" class=\"et_pb_button\">Buy Now<\/a><\/div><\/div><\/div>[\/et_pb_code][\/et_pb_column][\/et_pb_row][\/et_pb_section]<\/p>","protected":false},"excerpt":{"rendered":"<p>[et_pb_section fb_built=&#8221;1&#8243; custom_padding_last_edited=&#8221;on|phone&#8221; next_background_color=&#8221;#ffffff&#8221; _builder_version=&#8221;4.27.2&#8243; _module_preset=&#8221;default&#8221; background_color=&#8221;#565656&#8243; background_image=&#8221;https:\/\/enjooymadrid.com\/wp-content\/uploads\/2024\/10\/santiago-bernabeu-2.webp&#8221; background_blend=&#8221;multiply&#8221; custom_padding=&#8221;12vh||10vh||false|false&#8221; custom_padding_tablet=&#8221;12vh||10vh||false|false&#8221; custom_padding_phone=&#8221;10vh||5vh||false|false&#8221; bottom_divider_style=&#8221;curve&#8221; bottom_divider_height_tablet=&#8221;&#8221; bottom_divider_height_phone=&#8221;30px&#8221; bottom_divider_height_last_edited=&#8221;on|phone&#8221; global_colors_info=&#8221;{}&#8221;][et_pb_row _builder_version=&#8221;4.27.2&#8243; _module_preset=&#8221;default&#8221; global_colors_info=&#8221;{}&#8221;][et_pb_column type=&#8221;4_4&#8243; _builder_version=&#8221;4.27.2&#8243; _module_preset=&#8221;default&#8221; global_colors_info=&#8221;{}&#8221;][et_pb_image src=&#8221;https:\/\/enjooymadrid.com\/wp-content\/uploads\/2024\/10\/enjooy-madrid.webp&#8221; title_text=&#8221;enjooy-madrid&#8221; align=&#8221;center&#8221; _builder_version=&#8221;4.27.2&#8243; _module_preset=&#8221;default&#8221; max_width=&#8221;500px&#8221; max_width_tablet=&#8221;60%&#8221; max_width_phone=&#8221;70%&#8221; max_width_last_edited=&#8221;on|tablet&#8221; global_colors_info=&#8221;{}&#8221;][\/et_pb_image][et_pb_text _builder_version=&#8221;4.27.4&#8243; _module_preset=&#8221;default&#8221; text_text_color=&#8221;#FFFFFF&#8221; text_line_height=&#8221;1.2em&#8221; text_orientation=&#8221;center&#8221; background_layout=&#8221;dark&#8221; max_width=&#8221;800px&#8221; module_alignment=&#8221;center&#8221; global_colors_info=&#8221;{}&#8221;] Live the passion of Real Madrid at Santiago Bernab\u00e9u At Enjooy Madrid [&hellip;]<\/p>","protected":false},"author":1,"featured_media":0,"parent":0,"menu_order":1,"comment_status":"closed","ping_status":"closed","template":"","meta":{"_acf_changed":false,"_et_pb_use_builder":"on","_et_pb_old_content":"<!-- wp:divi\/placeholder \/-->","_et_gb_content_width":"","footnotes":""},"dipi_cpt_category":[],"class_list":["post-22","page","type-page","status-publish","hentry"],"acf":[],"yoast_head":"<!-- This site is optimized with the Yoast SEO Premium plugin v26.3 (Yoast SEO v26.3) - https:\/\/yoast.com\/wordpress\/plugins\/seo\/ -->\n<title>Home - Enjooy Madrid<\/title>\n<meta name=\"robots\" content=\"index, follow, max-snippet:-1, max-image-preview:large, max-video-preview:-1\" \/>\n<link rel=\"canonical\" href=\"https:\/\/enjooymadrid.com\/es\/\" \/>\n<meta property=\"og:locale\" content=\"es_ES\" \/>\n<meta property=\"og:type\" content=\"article\" \/>\n<meta property=\"og:title\" content=\"Home\" \/>\n<meta property=\"og:description\" content=\"[et_pb_section fb_built=&#8221;1&#8243; custom_padding_last_edited=&#8221;on|phone&#8221; next_background_color=&#8221;#ffffff&#8221; _builder_version=&#8221;4.27.2&#8243; _module_preset=&#8221;default&#8221; background_color=&#8221;#565656&#8243; background_image=&#8221;https:\/\/enjooymadrid.com\/wp-content\/uploads\/2024\/10\/santiago-bernabeu-2.webp&#8221; background_blend=&#8221;multiply&#8221; custom_padding=&#8221;12vh||10vh||false|false&#8221; custom_padding_tablet=&#8221;12vh||10vh||false|false&#8221; custom_padding_phone=&#8221;10vh||5vh||false|false&#8221; bottom_divider_style=&#8221;curve&#8221; bottom_divider_height_tablet=&#8221;&#8221; bottom_divider_height_phone=&#8221;30px&#8221; bottom_divider_height_last_edited=&#8221;on|phone&#8221; global_colors_info=&#8221;{}&#8221;][et_pb_row _builder_version=&#8221;4.27.2&#8243; _module_preset=&#8221;default&#8221; global_colors_info=&#8221;{}&#8221;][et_pb_column type=&#8221;4_4&#8243; _builder_version=&#8221;4.27.2&#8243; _module_preset=&#8221;default&#8221; global_colors_info=&#8221;{}&#8221;][et_pb_image src=&#8221;https:\/\/enjooymadrid.com\/wp-content\/uploads\/2024\/10\/enjooy-madrid.webp&#8221; title_text=&#8221;enjooy-madrid&#8221; align=&#8221;center&#8221; _builder_version=&#8221;4.27.2&#8243; _module_preset=&#8221;default&#8221; max_width=&#8221;500px&#8221; max_width_tablet=&#8221;60%&#8221; max_width_phone=&#8221;70%&#8221; max_width_last_edited=&#8221;on|tablet&#8221; global_colors_info=&#8221;{}&#8221;][\/et_pb_image][et_pb_text _builder_version=&#8221;4.27.4&#8243; _module_preset=&#8221;default&#8221; text_text_color=&#8221;#FFFFFF&#8221; text_line_height=&#8221;1.2em&#8221; text_orientation=&#8221;center&#8221; background_layout=&#8221;dark&#8221; max_width=&#8221;800px&#8221; module_alignment=&#8221;center&#8221; global_colors_info=&#8221;{}&#8221;] Live the passion of Real Madrid at Santiago Bernab\u00e9u At Enjooy Madrid [&hellip;]\" \/>\n<meta property=\"og:url\" content=\"https:\/\/enjooymadrid.com\/es\/\" \/>\n<meta property=\"og:site_name\" content=\"Enjooy Madrid\" \/>\n<meta property=\"article:modified_time\" content=\"2025-11-18T13:34:33+00:00\" \/>\n<meta name=\"twitter:card\" content=\"summary_large_image\" \/>\n<meta name=\"twitter:label1\" content=\"Tiempo de lectura\" \/>\n\t<meta name=\"twitter:data1\" content=\"2 minutos\" \/>\n<script type=\"application\/ld+json\" class=\"yoast-schema-graph\">{\"@context\":\"https:\/\/schema.org\",\"@graph\":[{\"@type\":\"WebPage\",\"@id\":\"https:\/\/enjooymadrid.com\/\",\"url\":\"https:\/\/enjooymadrid.com\/\",\"name\":\"Home - Enjooy Madrid\",\"isPartOf\":{\"@id\":\"https:\/\/enjooymadrid.com\/#website\"},\"datePublished\":\"2024-10-25T21:44:26+00:00\",\"dateModified\":\"2025-11-18T13:34:33+00:00\",\"breadcrumb\":{\"@id\":\"https:\/\/enjooymadrid.com\/#breadcrumb\"},\"inLanguage\":\"es\",\"potentialAction\":[{\"@type\":\"ReadAction\",\"target\":[\"https:\/\/enjooymadrid.com\/\"]}]},{\"@type\":\"BreadcrumbList\",\"@id\":\"https:\/\/enjooymadrid.com\/#breadcrumb\",\"itemListElement\":[{\"@type\":\"ListItem\",\"position\":1,\"name\":\"Home\",\"item\":\"https:\/\/enjooymadrid.com\/\"},{\"@type\":\"ListItem\",\"position\":2,\"name\":\"Home\"}]},{\"@type\":\"WebSite\",\"@id\":\"https:\/\/enjooymadrid.com\/#website\",\"url\":\"https:\/\/enjooymadrid.com\/\",\"name\":\"Enjooy Madrid\",\"description\":\"Tickets\",\"publisher\":{\"@id\":\"https:\/\/enjooymadrid.com\/#organization\"},\"potentialAction\":[{\"@type\":\"SearchAction\",\"target\":{\"@type\":\"EntryPoint\",\"urlTemplate\":\"https:\/\/enjooymadrid.com\/?s={search_term_string}\"},\"query-input\":{\"@type\":\"PropertyValueSpecification\",\"valueRequired\":true,\"valueName\":\"search_term_string\"}}],\"inLanguage\":\"es\"},{\"@type\":\"Organization\",\"@id\":\"https:\/\/enjooymadrid.com\/#organization\",\"name\":\"Enjooy Madrid\",\"url\":\"https:\/\/enjooymadrid.com\/\",\"logo\":{\"@type\":\"ImageObject\",\"inLanguage\":\"es\",\"@id\":\"https:\/\/enjooymadrid.com\/#\/schema\/logo\/image\/\",\"url\":\"https:\/\/enjooymadrid.com\/wp-content\/uploads\/2024\/10\/enjooy-madrid-Color.webp\",\"contentUrl\":\"https:\/\/enjooymadrid.com\/wp-content\/uploads\/2024\/10\/enjooy-madrid-Color.webp\",\"width\":752,\"height\":299,\"caption\":\"Enjooy Madrid\"},\"image\":{\"@id\":\"https:\/\/enjooymadrid.com\/#\/schema\/logo\/image\/\"}}]}<\/script>\n<meta property=\"og:availability\" content=\"instock\" \/>\n<meta property=\"product:availability\" content=\"instock\" \/>\n<meta property=\"product:condition\" content=\"new\" \/>\n<!-- \/ Yoast SEO Premium plugin. -->","yoast_head_json":{"title":"Home - Enjooy Madrid","robots":{"index":"index","follow":"follow","max-snippet":"max-snippet:-1","max-image-preview":"max-image-preview:large","max-video-preview":"max-video-preview:-1"},"canonical":"https:\/\/enjooymadrid.com\/es\/","og_locale":"es_ES","og_type":"article","og_title":"Home","og_description":"[et_pb_section fb_built=&#8221;1&#8243; custom_padding_last_edited=&#8221;on|phone&#8221; next_background_color=&#8221;#ffffff&#8221; _builder_version=&#8221;4.27.2&#8243; _module_preset=&#8221;default&#8221; background_color=&#8221;#565656&#8243; background_image=&#8221;https:\/\/enjooymadrid.com\/wp-content\/uploads\/2024\/10\/santiago-bernabeu-2.webp&#8221; background_blend=&#8221;multiply&#8221; custom_padding=&#8221;12vh||10vh||false|false&#8221; custom_padding_tablet=&#8221;12vh||10vh||false|false&#8221; custom_padding_phone=&#8221;10vh||5vh||false|false&#8221; bottom_divider_style=&#8221;curve&#8221; bottom_divider_height_tablet=&#8221;&#8221; bottom_divider_height_phone=&#8221;30px&#8221; bottom_divider_height_last_edited=&#8221;on|phone&#8221; global_colors_info=&#8221;{}&#8221;][et_pb_row _builder_version=&#8221;4.27.2&#8243; _module_preset=&#8221;default&#8221; global_colors_info=&#8221;{}&#8221;][et_pb_column type=&#8221;4_4&#8243; _builder_version=&#8221;4.27.2&#8243; _module_preset=&#8221;default&#8221; global_colors_info=&#8221;{}&#8221;][et_pb_image src=&#8221;https:\/\/enjooymadrid.com\/wp-content\/uploads\/2024\/10\/enjooy-madrid.webp&#8221; title_text=&#8221;enjooy-madrid&#8221; align=&#8221;center&#8221; _builder_version=&#8221;4.27.2&#8243; _module_preset=&#8221;default&#8221; max_width=&#8221;500px&#8221; max_width_tablet=&#8221;60%&#8221; max_width_phone=&#8221;70%&#8221; max_width_last_edited=&#8221;on|tablet&#8221; global_colors_info=&#8221;{}&#8221;][\/et_pb_image][et_pb_text _builder_version=&#8221;4.27.4&#8243; _module_preset=&#8221;default&#8221; text_text_color=&#8221;#FFFFFF&#8221; text_line_height=&#8221;1.2em&#8221; text_orientation=&#8221;center&#8221; background_layout=&#8221;dark&#8221; max_width=&#8221;800px&#8221; module_alignment=&#8221;center&#8221; global_colors_info=&#8221;{}&#8221;] Live the passion of Real Madrid at Santiago Bernab\u00e9u At Enjooy Madrid [&hellip;]","og_url":"https:\/\/enjooymadrid.com\/es\/","og_site_name":"Enjooy Madrid","article_modified_time":"2025-11-18T13:34:33+00:00","twitter_card":"summary_large_image","twitter_misc":{"Tiempo de lectura":"2 minutos"},"schema":{"@context":"https:\/\/schema.org","@graph":[{"@type":"WebPage","@id":"https:\/\/enjooymadrid.com\/","url":"https:\/\/enjooymadrid.com\/","name":"Home - Enjooy Madrid","isPartOf":{"@id":"https:\/\/enjooymadrid.com\/#website"},"datePublished":"2024-10-25T21:44:26+00:00","dateModified":"2025-11-18T13:34:33+00:00","breadcrumb":{"@id":"https:\/\/enjooymadrid.com\/#breadcrumb"},"inLanguage":"es","potentialAction":[{"@type":"ReadAction","target":["https:\/\/enjooymadrid.com\/"]}]},{"@type":"BreadcrumbList","@id":"https:\/\/enjooymadrid.com\/#breadcrumb","itemListElement":[{"@type":"ListItem","position":1,"name":"Home","item":"https:\/\/enjooymadrid.com\/"},{"@type":"ListItem","position":2,"name":"Home"}]},{"@type":"WebSite","@id":"https:\/\/enjooymadrid.com\/#website","url":"https:\/\/enjooymadrid.com\/","name":"Enjooy Madrid","description":"Tickets","publisher":{"@id":"https:\/\/enjooymadrid.com\/#organization"},"potentialAction":[{"@type":"SearchAction","target":{"@type":"EntryPoint","urlTemplate":"https:\/\/enjooymadrid.com\/?s={search_term_string}"},"query-input":{"@type":"PropertyValueSpecification","valueRequired":true,"valueName":"search_term_string"}}],"inLanguage":"es"},{"@type":"Organization","@id":"https:\/\/enjooymadrid.com\/#organization","name":"Enjooy Madrid","url":"https:\/\/enjooymadrid.com\/","logo":{"@type":"ImageObject","inLanguage":"es","@id":"https:\/\/enjooymadrid.com\/#\/schema\/logo\/image\/","url":"https:\/\/enjooymadrid.com\/wp-content\/uploads\/2024\/10\/enjooy-madrid-Color.webp","contentUrl":"https:\/\/enjooymadrid.com\/wp-content\/uploads\/2024\/10\/enjooy-madrid-Color.webp","width":752,"height":299,"caption":"Enjooy Madrid"},"image":{"@id":"https:\/\/enjooymadrid.com\/#\/schema\/logo\/image\/"}}]},"og_availability":"instock","product_availability":"instock","product_condition":"new"},"_links":{"self":[{"href":"https:\/\/enjooymadrid.com\/es\/wp-json\/wp\/v2\/pages\/22","targetHints":{"allow":["GET"]}}],"collection":[{"href":"https:\/\/enjooymadrid.com\/es\/wp-json\/wp\/v2\/pages"}],"about":[{"href":"https:\/\/enjooymadrid.com\/es\/wp-json\/wp\/v2\/types\/page"}],"author":[{"embeddable":true,"href":"https:\/\/enjooymadrid.com\/es\/wp-json\/wp\/v2\/users\/1"}],"replies":[{"embeddable":true,"href":"https:\/\/enjooymadrid.com\/es\/wp-json\/wp\/v2\/comments?post=22"}],"version-history":[{"count":28,"href":"https:\/\/enjooymadrid.com\/es\/wp-json\/wp\/v2\/pages\/22\/revisions"}],"predecessor-version":[{"id":622,"href":"https:\/\/enjooymadrid.com\/es\/wp-json\/wp\/v2\/pages\/22\/revisions\/622"}],"wp:attachment":[{"href":"https:\/\/enjooymadrid.com\/es\/wp-json\/wp\/v2\/media?parent=22"}],"wp:term":[{"taxonomy":"dipi_cpt_category","embeddable":true,"href":"https:\/\/enjooymadrid.com\/es\/wp-json\/wp\/v2\/dipi_cpt_category?post=22"}],"curies":[{"name":"wp","href":"https:\/\/api.w.org\/{rel}","templated":true}]}}